{"id":15708,"date":"2016-01-18T17:24:39","date_gmt":"2016-01-18T16:24:39","guid":{"rendered":"https:\/\/butraguenodecoracion.es\/?page_id=15708"},"modified":"2016-01-19T12:20:30","modified_gmt":"2016-01-19T11:20:30","slug":"servicios-2","status":"publish","type":"page","link":"https:\/\/www.butraguenodecoracion.es\/?page_id=15708","title":{"rendered":"Servicios"},"content":{"rendered":"<p>[vc_row row_type=&#8221;row&#8221; use_row_as_full_screen_section=&#8221;no&#8221; type=&#8221;full_width&#8221; angled_section=&#8221;no&#8221; text_align=&#8221;left&#8221; background_image_as_pattern=&#8221;without_pattern&#8221; css_animation=&#8221;&#8221;][vc_column][vc_separator type=&#8221;transparent&#8221; thickness=&#8221;20&#8243;][\/vc_column][\/vc_row][vc_row row_type=&#8221;row&#8221; use_row_as_full_screen_section=&#8221;no&#8221; type=&#8221;full_width&#8221; angled_section=&#8221;no&#8221; text_align=&#8221;left&#8221; background_image_as_pattern=&#8221;without_pattern&#8221; css_animation=&#8221;&#8221;][vc_column width=&#8221;1\/2&#8243;][vc_gallery type=&#8221;flexslider_slide&#8221; interval=&#8221;3&#8243; images=&#8221;15718,15720,15714,15717&#8243; img_size=&#8221;full&#8221; onclick=&#8221;&#8221;][\/vc_column][vc_column width=&#8221;1\/2&#8243;][vc_tabs style=&#8221;horizontal&#8221;][vc_tab title=&#8221;Dise\u00f1o de Interiores&#8221; tab_id=&#8221;b1993c14-8c92-1&#8243;][vc_column_text]<\/p>\n<p style=\"text-align: justify;\">Desarrollamos proyectos de interiorismo en su totalidad, dise\u00f1o, direcci\u00f3n y ejecuci\u00f3n de obra, en viviendas, locales comerciales y oficinas.<\/p>\n<p style=\"text-align: justify;\">Con las t\u00e9cnicas m\u00e1s avanzadas nuestro equipo de interioristas en continuo di\u00e1logo con los clientes hayan la soluci\u00f3n perfecta y personalizada seg\u00fan sus necesidades coordinando a todos los oficios para que la ejecuci\u00f3n de la obra sea impecable y en tiempo &#8220;record&#8221;.<\/p>\n<p>[\/vc_column_text][\/vc_tab][vc_tab title=&#8221;Montaje&#8221; tab_id=&#8221;ee0b54bf-8c75-0&#8243;][vc_column_text]<\/p>\n<h4>Montaje<\/h4>\n<p>Mimo y profesionalidad.<\/p>\n<p style=\"text-align: justify;\">Contamos con personal propio de montaje y transporte con el que garantizamos un alto nivel de servicio a nuestros clientes, tanto en un proyecto de interiorismo integral, como en el montaje de una \u00fanica pieza de mobiliario adquirido en nuestra tienda\/showroom.<\/p>\n<p>[\/vc_column_text][\/vc_tab][vc_tab title=&#8221;Financiaci\u00f3n&#8221; tab_id=&#8221;1453178730118-2-8&#8243;][vc_column_text]<\/p>\n<h4>Financiaci\u00f3n<\/h4>\n<p style=\"text-align: justify;\">Cualquiera que sea vuestra operaci\u00f3n y necesidades, encontramos la f\u00f3rmula de pago que mejor se adapte. Financiaci\u00f3n a 12 meses sin intereses y m\u00faltiples opciones hasta 48 meses.<\/p>\n<p>[\/vc_column_text][\/vc_tab][\/vc_tabs][\/vc_column][\/vc_row][vc_row row_type=&#8221;row&#8221; use_row_as_full_screen_section=&#8221;no&#8221; type=&#8221;full_width&#8221; angled_section=&#8221;no&#8221; text_align=&#8221;left&#8221; background_image_as_pattern=&#8221;without_pattern&#8221; css_animation=&#8221;&#8221;][vc_column][vc_separator type=&#8221;transparent&#8221; thickness=&#8221;20&#8243;][\/vc_column][\/vc_row]<\/p>\n","protected":false},"excerpt":{"rendered":"<p>[vc_row row_type=&#8221;row&#8221; use_row_as_full_screen_section=&#8221;no&#8221; type=&#8221;full_width&#8221; angled_section=&#8221;no&#8221; text_align=&#8221;left&#8221; background_image_as_pattern=&#8221;without_pattern&#8221; css_animation=&#8221;&#8221;][vc_column][vc_separator type=&#8221;transparent&#8221; thickness=&#8221;20&#8243;][\/vc_column][\/vc_row][vc_row row_type=&#8221;row&#8221; use_row_as_full_screen_section=&#8221;no&#8221; type=&#8221;full_width&#8221; angled_section=&#8221;no&#8221; text_align=&#8221;left&#8221; background_image_as_pattern=&#8221;without_pattern&#8221; css_animation=&#8221;&#8221;][vc_column width=&#8221;1\/2&#8243;][vc_gallery type=&#8221;flexslider_slide&#8221; interval=&#8221;3&#8243; images=&#8221;15718,15720,15714,15717&#8243; img_size=&#8221;full&#8221; onclick=&#8221;&#8221;][\/vc_column][vc_column width=&#8221;1\/2&#8243;][vc_tabs style=&#8221;horizontal&#8221;][vc_tab title=&#8221;Dise\u00f1o de Interiores&#8221; tab_id=&#8221;b1993c14-8c92-1&#8243;][vc_column_text] Desarrollamos proyectos de interiorismo en su totalidad, dise\u00f1o, direcci\u00f3n y ejecuci\u00f3n de obra, en viviendas, locales comerciales y oficinas. Con las t\u00e9cnicas m\u00e1s avanzadas nuestro equipo de interioristas en continuo di\u00e1logo con los clientes hayan la soluci\u00f3n perfecta y personalizada seg\u00fan sus necesidades coordinando a todos los oficios para que la ejecuci\u00f3n de la obra sea impecable y en tiempo &#8220;record&#8221;. [\/vc_column_text][\/vc_tab][vc_tab title=&#8221;Montaje&#8221; tab_id=&#8221;ee0b54bf-8c75-0&#8243;][vc_column_text] Montaje Mimo y profesionalidad. Contamos con personal propio de montaje y transporte con el que garantizamos un alto nivel de servicio a nuestros clientes, tanto en un proyecto de interiorismo integral, como en el montaje de una \u00fanica pieza de mobiliario adquirido en nuestra tienda\/showroom. [\/vc_column_text][\/vc_tab][vc_tab title=&#8221;Financiaci\u00f3n&#8221; tab_id=&#8221;1453178730118-2-8&#8243;][vc_column_text] Financiaci\u00f3n Cualquiera que sea vuestra operaci\u00f3n y necesidades, encontramos&#8230;<\/p>\n","protected":false},"author":3,"featured_media":0,"parent":15254,"menu_order":0,"comment_status":"closed","ping_status":"closed","template":"","meta":{"footnotes":""},"class_list":["post-15708","page","type-page","status-publish","hentry"],"_links":{"self":[{"href":"https:\/\/www.butraguenodecoracion.es\/index.php?rest_route=\/wp\/v2\/pages\/15708","targetHints":{"allow":["GET"]}}],"collection":[{"href":"https:\/\/www.butraguenodecoracion.es\/index.php?rest_route=\/wp\/v2\/pages"}],"about":[{"href":"https:\/\/www.butraguenodecoracion.es\/index.php?rest_route=\/wp\/v2\/types\/page"}],"author":[{"embeddable":true,"href":"https:\/\/www.butraguenodecoracion.es\/index.php?rest_route=\/wp\/v2\/users\/3"}],"replies":[{"embeddable":true,"href":"https:\/\/www.butraguenodecoracion.es\/index.php?rest_route=%2Fwp%2Fv2%2Fcomments&post=15708"}],"version-history":[{"count":27,"href":"https:\/\/www.butraguenodecoracion.es\/index.php?rest_route=\/wp\/v2\/pages\/15708\/revisions"}],"predecessor-version":[{"id":15831,"href":"https:\/\/www.butraguenodecoracion.es\/index.php?rest_route=\/wp\/v2\/pages\/15708\/revisions\/15831"}],"up":[{"embeddable":true,"href":"https:\/\/www.butraguenodecoracion.es\/index.php?rest_route=\/wp\/v2\/pages\/15254"}],"wp:attachment":[{"href":"https:\/\/www.butraguenodecoracion.es\/index.php?rest_route=%2Fwp%2Fv2%2Fmedia&parent=15708"}],"curies":[{"name":"wp","href":"https:\/\/api.w.org\/{rel}","templated":true}]}}